{"id":20,"date":"2024-07-04T21:13:19","date_gmt":"2024-07-04T21:13:19","guid":{"rendered":"https:\/\/www.draciezily.sk\/?page_id=20"},"modified":"2026-02-03T14:43:57","modified_gmt":"2026-02-03T14:43:57","slug":"geopatogenne-zony","status":"publish","type":"page","link":"https:\/\/www.draciezily.sk\/","title":{"rendered":"Geopatog\u00e9nne z\u00f3ny"},"content":{"rendered":"\n<p><strong>Geopatog\u00e9nne z\u00f3ny a ich vplyv na sp\u00e1nok<\/strong><\/p>\n\n\n<div class=\"wp-block-image\">\n<figure class=\"aligncenter size-medium is-resized\"><img fetchpriority=\"high\" decoding=\"async\" width=\"300\" height=\"203\" src=\"https:\/\/www.draciezily.sk\/wp-content\/uploads\/2025\/12\/FB-inzerat-dracie-zily-v3-300x203.png\" alt=\"geopatog\u00e9nne z\u00f3ny - dra\u010die \u017eily\" class=\"wp-image-160\" style=\"aspect-ratio:1.4778781999716084;width:546px;height:auto\" srcset=\"https:\/\/www.draciezily.sk\/wp-content\/uploads\/2025\/12\/FB-inzerat-dracie-zily-v3-300x203.png 300w, https:\/\/www.draciezily.sk\/wp-content\/uploads\/2025\/12\/FB-inzerat-dracie-zily-v3-1024x692.png 1024w, https:\/\/www.draciezily.sk\/wp-content\/uploads\/2025\/12\/FB-inzerat-dracie-zily-v3-768x519.png 768w, https:\/\/www.draciezily.sk\/wp-content\/uploads\/2025\/12\/FB-inzerat-dracie-zily-v3.png 1240w\" sizes=\"(max-width: 300px) 100vw, 300px\" \/><\/figure>\n<\/div>\n\n\n<p><\/p>\n\n\n\n<p>Sp\u00e1nok je pre na\u0161e zdravie a celkov\u00fa pohodu nesmierne d\u00f4le\u017eit\u00fd. Ak sa v\u0161ak pravidelne bud\u00edte unaven\u00ed, trp\u00edte nespavos\u0165ou alebo m\u00e1te nepokojn\u00fd sp\u00e1nok, pr\u00ed\u010dina nemus\u00ed by\u0165 len v strese \u010di nespr\u00e1vnej \u017eivotospr\u00e1ve. Probl\u00e9m m\u00f4\u017ee by\u0165 ove\u013ea hlb\u0161\u00ed a skryt\u00fd priamo pod va\u0161ou poste\u013eou \u2013 geopatog\u00e9nne z\u00f3ny.<\/p>\n\n\n\n<p><strong>\u010co s\u00fa geopatog\u00e9nne z\u00f3ny?<\/strong><\/p>\n\n\n\n<p><p>Geopatog\u00e9nne z\u00f3ny s\u00fa oblasti so zv\u00fd\u0161en\u00fdm v\u00fdskytom negat\u00edvnych energi\u00ed, ktor\u00e9 vych\u00e1dzaj\u00fa zo zeme. Vznikaj\u00fa v d\u00f4sledku geologick\u00fdch por\u00fach, podzemn\u00fdch vodn\u00fdch tokov, tektonick\u00fdch zlomov alebo in\u00fdch pr\u00edrodn\u00fdch javov. Tieto z\u00f3ny m\u00f4\u017eu ma\u0165 r\u00f4znu intenzitu a ve\u013ekos\u0165 a ich vplyv na \u010dloveka sa m\u00f4\u017ee l\u00ed\u0161i\u0165. Niektor\u00ed \u013eudia s\u00fa na tieto energie citlivej\u0161\u00ed a m\u00f4\u017eu poci\u0165ova\u0165 ich negat\u00edvne \u00fa\u010dinky viac ako in\u00ed. Pri\u010dom je jedno \u010di b\u00fdvate na pr\u00edzem\u00ed, alebo na 15-tom poschod\u00ed. \u00da\u010dinok geopatog\u00e9nnych z\u00f3n je vo vertik\u00e1lnej rovine rovnak\u00fd.<\/p>\n<figure id=\"attachment_78\" aria-describedby=\"caption-attachment-78\" style=\"width: 298px\" class=\"wp-caption alignnone\"><img decoding=\"async\" src=\"https:\/\/www.draciezily.sk\/wp-content\/uploads\/2024\/07\/byt-zvierata-298x300.jpg\" alt=\"geopatog\u00e9nne z\u00f3ny - ilustra\u010dn\u00fd obr\u00e1zok rozmiestenia z\u00f3n v byte\" width=\"298\" height=\"300\"><figcaption id=\"caption-attachment-78\" class=\"wp-caption-text\">geopatog\u00e9nne z\u00f3ny &#8211; ilustra\u010dn\u00fd obr\u00e1zok<\/figcaption><\/figure><\/p>\n\n\n\n<p><strong>Ako geopatog\u00e9nne z\u00f3ny ovplyv\u0148uj\u00fa sp\u00e1nok?<\/strong><\/p>\n\n\n\n<p>Dlhodob\u00fd pobyt v geopatog\u00e9nnej z\u00f3ne m\u00f4\u017ee naru\u0161i\u0165 prirodzen\u00e9 energetick\u00e9 pole \u010dloveka a sp\u00f4sobi\u0165 r\u00f4zne zdravotn\u00e9 probl\u00e9my, vr\u00e1tane por\u00fach sp\u00e1nku. Tieto z\u00f3ny m\u00f4\u017eu ovplyv\u0148ova\u0165 produkciu melaton\u00ednu, horm\u00f3nu reguluj\u00faceho sp\u00e1nok, a nar\u00fa\u0161a\u0165 prirodzen\u00e9 biorytmy tela. Medzi naj\u010dastej\u0161ie probl\u00e9my patria:<\/p>\n\n\n\n<ul class=\"wp-block-list\">\n<li><strong>Nespavos\u0165:<\/strong> \u0164a\u017ekosti so zasp\u00e1van\u00edm, \u010dast\u00e9 budenie po\u010das noci, pocit nevyspania po prebuden\u00ed.<\/li>\n\n\n\n<li><strong>No\u010dn\u00e9 mory a nepokojn\u00fd sp\u00e1nok:<\/strong> Zv\u00fd\u0161en\u00e1 frekvencia a intenzita no\u010dn\u00fdch m\u00f4r, nepokojn\u00e9 ot\u00e1\u010danie sa v posteli, pocit nepohodlia.<\/li>\n\n\n\n<li><strong>\u00danava a vy\u010derpanos\u0165 po prebuden\u00ed:<\/strong> Namiesto pocitu osvie\u017eenia sa zobud\u00edte unaven\u00ed a bez energie.<\/li>\n\n\n\n<li><strong>Svalov\u00e9 nap\u00e4tie a k\u0155\u010de:<\/strong> Geopatog\u00e9nne z\u00f3ny m\u00f4\u017eu sp\u00f4sobi\u0165 svalov\u00e9 nap\u00e4tie a k\u0155\u010de, ktor\u00e9 s\u0165a\u017euj\u00fa zasp\u00e1vanie a ved\u00fa k nepokojn\u00e9mu sp\u00e1nku.<\/li>\n<\/ul>\n\n\n\n<p>&nbsp;<strong>Ako zisti\u0165, \u010di geopatog\u00e9nne z\u00f3ny ovplyv\u0148uj\u00fa v\u00e1\u0161 sp\u00e1nok?<\/strong><\/p>\n\n\n\n<p>Ak trp\u00edte niektor\u00fdmi z uveden\u00fdch probl\u00e9mov so sp\u00e1nkom a m\u00e1te podozrenie na geopatog\u00e9nne z\u00f3ny, m\u00f4\u017eete si necha\u0165 svoj byt alebo dom premera\u0165 odborn\u00edkom.&nbsp;<\/p>\n\n\n\n<p><strong>Mo\u017enosti rie\u0161enia probl\u00e9mov<\/strong><\/p>\n\n\n\n<p>Ak sa potvrd\u00ed pr\u00edtomnos\u0165 geopatog\u00e9nnych z\u00f3n v mieste, kde sp\u00edte, existuje nieko\u013eko mo\u017enost\u00ed rie\u0161enia:<\/p>\n\n\n\n<ul class=\"wp-block-list\">\n<li><strong>Premiestnenie postele:<\/strong> Najjednoduch\u0161\u00edm rie\u0161en\u00edm je premiestni\u0165 poste\u013e do inej \u010dasti miestnosti, kde nie s\u00fa geopatog\u00e9nne z\u00f3ny. Ale lep\u0161ie je zavola\u0165 si odborn\u00edka na premeranie bytu, aby ste nemuseli viac kr\u00e1t sk\u00fa\u0161a\u0165 umiestnenie postel\u00ed, seda\u010dky a&nbsp;pod.<\/li>\n\n\n\n<li><strong>Pou\u017eitie \u0161peci\u00e1lnych podlo\u017eiek:<\/strong> Existuj\u00fa \u0161peci\u00e1lne podlo\u017eky, ktor\u00e9 dok\u00e1\u017eu neutralizova\u0165 negat\u00edvny vplyv geopatog\u00e9nnych z\u00f3n.<\/li>\n\n\n\n<li><strong>\u201eOdru\u0161enie z\u00f3n\u201c:<\/strong> pomocou ru\u0161i\u010diek geopatog\u00e9nnych z\u00f3n. Napr\u00edklad ru\u0161i\u010dka <strong><a href=\"https:\/\/www.dracie-zily.sk\/rusicka-geopatogennych-zon\/\">Emgeon Home.<\/a><\/strong> Dok\u00e1\u017ee odru\u0161i\u0165 GPZ v&nbsp;okruhu 15-20 metrov a&nbsp;e\u0161te aj cca 3 poschodia pod sebou. Viac info a popis: <a href=\"https:\/\/www.dracie-zily.sk\/rusicka-geopatogennych-zon\/\"><strong>Kliknite TU<\/strong><\/a><\/li>\n\n\n\n<li><strong>Kombin\u00e1cia vy\u0161\u0161ie uveden\u00fdch sp\u00f4sobov:<\/strong> Vhodn\u00e9 rie\u0161enie V\u00e1m navrhne odborn\u00edk po premeran\u00ed bytu\/domu<\/li>\n<\/ul>\n\n\n\n<p>\u00a0<\/p>\n<p>\n\n\n\n<\/p>\n<p><strong>Nepodce\u0148ujte vplyv geopatog\u00e9nnych z\u00f3n na v\u00e1\u0161 sp\u00e1nok.<\/strong><\/p>\n<p>Ak sa pravidelne bud\u00edte unaven\u00ed a nevyspat\u00ed, m\u00f4\u017ee to by\u0165 sp\u00f4soben\u00e9 pr\u00e1ve t\u00fdmito nevidite\u013en\u00fdmi energetick\u00fdmi po\u013eami. Nechajte si premera\u0165 svoj byt a za\u010dnite sa te\u0161i\u0165 z kvalitn\u00e9ho a pokojn\u00e9ho sp\u00e1nku, ktor\u00fd je z\u00e1kladom pre va\u0161e zdravie a pohodu.<\/p>\n<p><strong>D\u00f4le\u017eit\u00e9:<\/strong><\/p>\n\n\n\n<p>Viac inform\u00e1ci\u00ed n\u00e1jdete na str\u00e1nke<strong>: <\/strong><a href=\"http:\/\/www.dracie-zily.sk\"><strong>www.dracie-zily.sk<\/strong><\/a><\/p>\n\n\n\n<p><strong>M\u00f4\u017eete si aj objedna\u0165 meranie geopatog\u00e9nnych z\u00f3n -realizuj\u00fa sa na celom \u00fazem\u00ed Slovenska formou v\u00fdjazdov za rovnak\u00e9 ceny.<\/strong><\/p>\n\n\n\n<p><strong>Napr.: <\/strong>Byt\/Dom do p\u00f4dorysnej plochy 150m<sup>2<\/sup> Cena merania 35\u20ac + pau\u0161\u00e1lne cestovn\u00e9 n\u00e1klady 25\u20ac. Spolu 60\u20ac.<\/p>\n\n\n\n<p><strong>Cenn\u00edk meran\u00ed a&nbsp;objedn\u00e1vkov\u00fd formul\u00e1r n\u00e1jdete tu: <\/strong><a style=\"color: #000080;\" href=\"https:\/\/www.dracie-zily.sk\/cennik-sluzieb\/\"><strong>https:\/\/www.dracie-zily.sk\/cennik-sluzieb\/<\/strong><\/a>&nbsp;<\/p>\n\n\n<p><a id=\"a2\" href=\"https:\/\/www.dracie-zily.sk\/\"><br \/>Viac inform\u00e1ci\u00ed o geopatog\u00e9nnych z\u00f3nach<br \/><\/a><\/p>\n\n\n<figure class=\"wp-block-image size-full\"><img decoding=\"async\" width=\"317\" height=\"318\" src=\"https:\/\/www.draciezily.sk\/wp-content\/uploads\/2026\/01\/geopatogenne-zony-geozony6.png\" alt=\"geopatogenne zony\" class=\"wp-image-185\" srcset=\"https:\/\/www.draciezily.sk\/wp-content\/uploads\/2026\/01\/geopatogenne-zony-geozony6.png 317w, https:\/\/www.draciezily.sk\/wp-content\/uploads\/2026\/01\/geopatogenne-zony-geozony6-300x300.png 300w, https:\/\/www.draciezily.sk\/wp-content\/uploads\/2026\/01\/geopatogenne-zony-geozony6-150x150.png 150w\" sizes=\"(max-width: 317px) 100vw, 317px\" \/><\/figure>\n","protected":false},"excerpt":{"rendered":"<p>Geopatog\u00e9nne z\u00f3ny a ich vplyv na sp\u00e1nok Sp\u00e1nok je pre na\u0161e zdravie a celkov\u00fa pohodu nesmierne d\u00f4le\u017eit\u00fd. Ak sa v\u0161ak pravidelne bud\u00edte unaven\u00ed, trp\u00edte nespavos\u0165ou alebo m\u00e1te nepokojn\u00fd sp\u00e1nok, pr\u00ed\u010dina nemus\u00ed by\u0165 len v strese \u010di nespr\u00e1vnej \u017eivotospr\u00e1ve. Probl\u00e9m m\u00f4\u017ee by\u0165 ove\u013ea hlb\u0161\u00ed a skryt\u00fd priamo pod va\u0161ou poste\u013eou \u2013 geopatog\u00e9nne z\u00f3ny. \u010co s\u00fa geopatog\u00e9nne [&hellip;]<\/p>\n","protected":false},"author":1,"featured_media":0,"parent":0,"menu_order":1,"comment_status":"closed","ping_status":"closed","template":"","meta":{"footnotes":""},"class_list":["post-20","page","type-page","status-publish","hentry"],"yoast_head":"<!-- This site is optimized with the Yoast SEO plugin v26.9 - https:\/\/yoast.com\/product\/yoast-seo-wordpress\/ -->\n<title>Geopatog\u00e9nne z\u00f3ny - draciezily.sk<\/title>\n<meta name=\"description\" content=\"Geopatog\u00e9nne z\u00f3ny a ich vplyv na \u013eud\u00ed, meranie a odru\u0161enie geopatog\u00e9nnych z\u00f3n, ru\u0161i\u010dky geopatog\u00e9nnych z\u00f3n EMGEON,\" \/>\n<meta name=\"robots\" content=\"index, follow, max-snippet:-1, max-image-preview:large, max-video-preview:-1\" \/>\n<link rel=\"canonical\" href=\"https:\/\/www.draciezily.sk\/\" \/>\n<meta property=\"og:locale\" content=\"sk_SK\" \/>\n<meta property=\"og:type\" content=\"article\" \/>\n<meta property=\"og:title\" content=\"Geopatog\u00e9nne z\u00f3ny - draciezily.sk\" \/>\n<meta property=\"og:description\" content=\"Geopatog\u00e9nne z\u00f3ny a ich vplyv na \u013eud\u00ed, meranie a odru\u0161enie geopatog\u00e9nnych z\u00f3n, ru\u0161i\u010dky geopatog\u00e9nnych z\u00f3n EMGEON,\" \/>\n<meta property=\"og:url\" content=\"https:\/\/www.draciezily.sk\/\" \/>\n<meta property=\"og:site_name\" content=\"draciezily.sk\" \/>\n<meta property=\"article:modified_time\" content=\"2026-02-03T14:43:57+00:00\" \/>\n<meta property=\"og:image\" content=\"https:\/\/www.draciezily.sk\/wp-content\/uploads\/2025\/12\/FB-inzerat-dracie-zily-v3.png\" \/>\n\t<meta property=\"og:image:width\" content=\"1240\" \/>\n\t<meta property=\"og:image:height\" content=\"838\" \/>\n\t<meta property=\"og:image:type\" content=\"image\/png\" \/>\n<meta name=\"twitter:card\" content=\"summary_large_image\" \/>\n<meta name=\"twitter:label1\" content=\"Predpokladan\u00fd \u010das \u010d\u00edtania\" \/>\n\t<meta name=\"twitter:data1\" content=\"4 min\u00faty\" \/>\n<script type=\"application\/ld+json\" class=\"yoast-schema-graph\">{\"@context\":\"https:\/\/schema.org\",\"@graph\":[{\"@type\":\"WebPage\",\"@id\":\"https:\/\/www.draciezily.sk\/\",\"url\":\"https:\/\/www.draciezily.sk\/\",\"name\":\"Geopatog\u00e9nne z\u00f3ny - draciezily.sk\",\"isPartOf\":{\"@id\":\"https:\/\/www.draciezily.sk\/#website\"},\"primaryImageOfPage\":{\"@id\":\"https:\/\/www.draciezily.sk\/#primaryimage\"},\"image\":{\"@id\":\"https:\/\/www.draciezily.sk\/#primaryimage\"},\"thumbnailUrl\":\"https:\/\/www.draciezily.sk\/wp-content\/uploads\/2025\/12\/FB-inzerat-dracie-zily-v3-300x203.png\",\"datePublished\":\"2024-07-04T21:13:19+00:00\",\"dateModified\":\"2026-02-03T14:43:57+00:00\",\"description\":\"Geopatog\u00e9nne z\u00f3ny a ich vplyv na \u013eud\u00ed, meranie a odru\u0161enie geopatog\u00e9nnych z\u00f3n, ru\u0161i\u010dky geopatog\u00e9nnych z\u00f3n EMGEON,\",\"breadcrumb\":{\"@id\":\"https:\/\/www.draciezily.sk\/#breadcrumb\"},\"inLanguage\":\"sk-SK\",\"potentialAction\":[{\"@type\":\"ReadAction\",\"target\":[\"https:\/\/www.draciezily.sk\/\"]}]},{\"@type\":\"ImageObject\",\"inLanguage\":\"sk-SK\",\"@id\":\"https:\/\/www.draciezily.sk\/#primaryimage\",\"url\":\"https:\/\/www.draciezily.sk\/wp-content\/uploads\/2025\/12\/FB-inzerat-dracie-zily-v3.png\",\"contentUrl\":\"https:\/\/www.draciezily.sk\/wp-content\/uploads\/2025\/12\/FB-inzerat-dracie-zily-v3.png\",\"width\":1240,\"height\":838},{\"@type\":\"BreadcrumbList\",\"@id\":\"https:\/\/www.draciezily.sk\/#breadcrumb\",\"itemListElement\":[{\"@type\":\"ListItem\",\"position\":1,\"name\":\"Domovsk\u00e1 str\u00e1nka\",\"item\":\"https:\/\/www.draciezily.sk\/\"},{\"@type\":\"ListItem\",\"position\":2,\"name\":\"Geopatog\u00e9nne z\u00f3ny\"}]},{\"@type\":\"WebSite\",\"@id\":\"https:\/\/www.draciezily.sk\/#website\",\"url\":\"https:\/\/www.draciezily.sk\/\",\"name\":\"draciezily.sk\",\"description\":\"Geopatog\u00e9nne z\u00f3ny, vplyv geopatog\u00e9nnych z\u00f3n na \u013eud\u00ed, meranie a odru\u0161enie geopatog\u00e9nnych z\u00f3n\",\"potentialAction\":[{\"@type\":\"SearchAction\",\"target\":{\"@type\":\"EntryPoint\",\"urlTemplate\":\"https:\/\/www.draciezily.sk\/?s={search_term_string}\"},\"query-input\":{\"@type\":\"PropertyValueSpecification\",\"valueRequired\":true,\"valueName\":\"search_term_string\"}}],\"inLanguage\":\"sk-SK\"}]}<\/script>\n<!-- \/ Yoast SEO plugin. -->","yoast_head_json":{"title":"Geopatog\u00e9nne z\u00f3ny - draciezily.sk","description":"Geopatog\u00e9nne z\u00f3ny a ich vplyv na \u013eud\u00ed, meranie a odru\u0161enie geopatog\u00e9nnych z\u00f3n, ru\u0161i\u010dky geopatog\u00e9nnych z\u00f3n EMGEON,","robots":{"index":"index","follow":"follow","max-snippet":"max-snippet:-1","max-image-preview":"max-image-preview:large","max-video-preview":"max-video-preview:-1"},"canonical":"https:\/\/www.draciezily.sk\/","og_locale":"sk_SK","og_type":"article","og_title":"Geopatog\u00e9nne z\u00f3ny - draciezily.sk","og_description":"Geopatog\u00e9nne z\u00f3ny a ich vplyv na \u013eud\u00ed, meranie a odru\u0161enie geopatog\u00e9nnych z\u00f3n, ru\u0161i\u010dky geopatog\u00e9nnych z\u00f3n EMGEON,","og_url":"https:\/\/www.draciezily.sk\/","og_site_name":"draciezily.sk","article_modified_time":"2026-02-03T14:43:57+00:00","og_image":[{"width":1240,"height":838,"url":"https:\/\/www.draciezily.sk\/wp-content\/uploads\/2025\/12\/FB-inzerat-dracie-zily-v3.png","type":"image\/png"}],"twitter_card":"summary_large_image","twitter_misc":{"Predpokladan\u00fd \u010das \u010d\u00edtania":"4 min\u00faty"},"schema":{"@context":"https:\/\/schema.org","@graph":[{"@type":"WebPage","@id":"https:\/\/www.draciezily.sk\/","url":"https:\/\/www.draciezily.sk\/","name":"Geopatog\u00e9nne z\u00f3ny - draciezily.sk","isPartOf":{"@id":"https:\/\/www.draciezily.sk\/#website"},"primaryImageOfPage":{"@id":"https:\/\/www.draciezily.sk\/#primaryimage"},"image":{"@id":"https:\/\/www.draciezily.sk\/#primaryimage"},"thumbnailUrl":"https:\/\/www.draciezily.sk\/wp-content\/uploads\/2025\/12\/FB-inzerat-dracie-zily-v3-300x203.png","datePublished":"2024-07-04T21:13:19+00:00","dateModified":"2026-02-03T14:43:57+00:00","description":"Geopatog\u00e9nne z\u00f3ny a ich vplyv na \u013eud\u00ed, meranie a odru\u0161enie geopatog\u00e9nnych z\u00f3n, ru\u0161i\u010dky geopatog\u00e9nnych z\u00f3n EMGEON,","breadcrumb":{"@id":"https:\/\/www.draciezily.sk\/#breadcrumb"},"inLanguage":"sk-SK","potentialAction":[{"@type":"ReadAction","target":["https:\/\/www.draciezily.sk\/"]}]},{"@type":"ImageObject","inLanguage":"sk-SK","@id":"https:\/\/www.draciezily.sk\/#primaryimage","url":"https:\/\/www.draciezily.sk\/wp-content\/uploads\/2025\/12\/FB-inzerat-dracie-zily-v3.png","contentUrl":"https:\/\/www.draciezily.sk\/wp-content\/uploads\/2025\/12\/FB-inzerat-dracie-zily-v3.png","width":1240,"height":838},{"@type":"BreadcrumbList","@id":"https:\/\/www.draciezily.sk\/#breadcrumb","itemListElement":[{"@type":"ListItem","position":1,"name":"Domovsk\u00e1 str\u00e1nka","item":"https:\/\/www.draciezily.sk\/"},{"@type":"ListItem","position":2,"name":"Geopatog\u00e9nne z\u00f3ny"}]},{"@type":"WebSite","@id":"https:\/\/www.draciezily.sk\/#website","url":"https:\/\/www.draciezily.sk\/","name":"draciezily.sk","description":"Geopatog\u00e9nne z\u00f3ny, vplyv geopatog\u00e9nnych z\u00f3n na \u013eud\u00ed, meranie a odru\u0161enie geopatog\u00e9nnych z\u00f3n","potentialAction":[{"@type":"SearchAction","target":{"@type":"EntryPoint","urlTemplate":"https:\/\/www.draciezily.sk\/?s={search_term_string}"},"query-input":{"@type":"PropertyValueSpecification","valueRequired":true,"valueName":"search_term_string"}}],"inLanguage":"sk-SK"}]}},"_links":{"self":[{"href":"https:\/\/www.draciezily.sk\/index.php?rest_route=\/wp\/v2\/pages\/20","targetHints":{"allow":["GET"]}}],"collection":[{"href":"https:\/\/www.draciezily.sk\/index.php?rest_route=\/wp\/v2\/pages"}],"about":[{"href":"https:\/\/www.draciezily.sk\/index.php?rest_route=\/wp\/v2\/types\/page"}],"author":[{"embeddable":true,"href":"https:\/\/www.draciezily.sk\/index.php?rest_route=\/wp\/v2\/users\/1"}],"replies":[{"embeddable":true,"href":"https:\/\/www.draciezily.sk\/index.php?rest_route=%2Fwp%2Fv2%2Fcomments&post=20"}],"version-history":[{"count":75,"href":"https:\/\/www.draciezily.sk\/index.php?rest_route=\/wp\/v2\/pages\/20\/revisions"}],"predecessor-version":[{"id":209,"href":"https:\/\/www.draciezily.sk\/index.php?rest_route=\/wp\/v2\/pages\/20\/revisions\/209"}],"wp:attachment":[{"href":"https:\/\/www.draciezily.sk\/index.php?rest_route=%2Fwp%2Fv2%2Fmedia&parent=20"}],"curies":[{"name":"wp","href":"https:\/\/api.w.org\/{rel}","templated":true}]}}